{"id":7,"date":"2015-06-22T17:05:16","date_gmt":"2015-06-22T17:05:16","guid":{"rendered":"http:\/\/staging.lucnormandinillustration.com\/?page_id=7"},"modified":"2025-09-26T20:47:07","modified_gmt":"2025-09-26T20:47:07","slug":"about","status":"publish","type":"page","link":"https:\/\/www.lucnormandinillustration.com\/en\/about\/","title":{"rendered":"Bio\/infos"},"content":{"rendered":"<h2 align=\"left\">Bio<\/h2>\n<p align=\"left\">Born in Saint-Jean, Quebec, I studied art at the now defunct Montreal Museum of Fine Art School of Art and Design.<\/p>\n<p align=\"left\">I then commenced a free-lance career in illustration in 1977.\u00a0In these pre-internet days, this meant calling art directors to convince them to take a look at one&#8217;s portfolio, and physically meeting, and showing the said portfolio!<\/p>\n<p align=\"left\">My first assignments were illustrations for magazines and schoolbooks.\u00a0After a few years, I began to work more and more for advertising agencies in Quebec. I moved to Montreal in the early 80&#8217;s.<\/p>\n<p align=\"left\">One of the founding members of <span style=\"color: #993300;\"><a style=\"color: #993300;\" href=\"http:\/\/www.illustrationquebec.com\/lucnormandin\">AIIQ <\/a><\/span>(Quebec illustrator&#8217;s association), I have been it&#8217;s president for two terms.\u00a0(This association, with it&#8217;s yearly &#8220;r\u00e9pertoire&#8221;, an inexpensive alternative to other directories, it&#8217;s then yearly shows, and other programs such as a free computer courses in the early 90&#8217;s, the &#8220;portfolio evenings&#8221; and it&#8217;s internet site, has been and still is vital to Quebec&#8217;s illustration scene.)<\/p>\n<p align=\"left\">In the 90&#8217;s I shared a studio with other illustrators and frequently had to hire assistants to help me with now very heavy workload, mostly in advertising. I also enthusiastically plunged into the Mac, learning Freehand, Illustrator, and mostly Photoshop, as soon as it was released.<\/p>\n<p align=\"left\">Photoshop then became my most important tool for many years, bringing me much work in the exhibition graphics field, realizing large format collages for museums around the world. You can view some here.<\/p>\n<p align=\"left\">I moved back to Saint-Jean&#8217;s countryside in 1996, with Jos\u00e9e Masse, a fellow illustrator and we started to work from home. In 1999, we had a lovely daughter, Alice.<\/p>\n<p align=\"left\">I tied up again with my brushes and paint that I use more than ever. I am still living In Saint-Jean&#8217;s countryside, and I still love my job.<\/p>\n<p align=\"left\">I practice Taichi daily, and also make silver and gold jewelry. You can view some examples of my jewelry <span style=\"color: #993300;\"><a style=\"color: #993300;\" href=\"http:\/\/staging.lucnormandinillustration.com\/en\/luc-portfolio\/bijoux\/\" target=\"_blank\" rel=\"noopener\">here<\/a><\/span> or buy it <span style=\"color: #993300;\"><a style=\"color: #993300;\" href=\"http:\/\/www.etsy.com\/shop\/maximeboldeau\" target=\"_blank\" rel=\"noopener\">here<\/a><\/span>.<\/p>\n<p align=\"left\">I also have an online gemstone store <a href=\"https:\/\/www.etsy.com\/shop\/HickoryNookStudio\">here.<\/a><\/p>\n<h2 align=\"justify\">Clients list:<\/h2>\n<p>Ultramar, Kraft, Air Canada, Toyota, Coors, Rogers, Metro Foods, Canadian National, Pfizer, Bell Canada, Time-Life Publishing, Les \u00c9ditions HMH (publishing), Reader\u2019s Digest, Domtar, Asti Spumante, \u00c9duc&#8217;alcool, The Royal Bank, Canada Post, Telus, Fruits &amp; Passion, Guru Bicycles, La Parisienne, Key Porter Books, Bayer, Bell Canada, Dupont, Loblaws, Sobeys,\u00a0Metro, Ontario Tourism,\u00a0Soci\u00e9t\u00e9 des Alcools du Qu\u00e9bec, Muskol &#8230;and more<\/p>\n<h3>Exhibition Graphics:<\/h3>\n<p>-D+C Design+Communications<br \/>\n-Biod\u00f4me de Montr\u00e9al<br \/>\n-Cosmod\u00f4me de Laval<br \/>\n-Exploris Museum ,Raleigh, NC<br \/>\n-Pier21, Halifax, NS<br \/>\n-Vimy 1917, Vimy, France<br \/>\n-RCMP Museum, Regina, Sask.<br \/>\n-Please Touch Museum, Philadelphia<\/p>\n","protected":false},"excerpt":{"rendered":"<p>Bio Born in Saint-Jean, Quebec, I studied art at the now defunct Montreal Museum of Fine Art School of Art and Design. I then commenced a free-lance career in illustration in 1977.\u00a0In these pre-internet days, this meant calling art directors to convince them to take a look at one&#8217;s portfolio, and physically meeting, and showing [&hellip;]<\/p>\n","protected":false},"author":1,"featured_media":1539,"parent":0,"menu_order":0,"comment_status":"open","ping_status":"open","template":"","meta":{"_genesis_hide_title":false,"_genesis_hide_breadcrumbs":false,"_genesis_hide_singular_image":false,"_genesis_hide_footer_widgets":false,"_genesis_custom_body_class":"","_genesis_custom_post_class":"","_genesis_layout":"","footnotes":""},"class_list":{"0":"post-7","1":"page","2":"type-page","3":"status-publish","4":"has-post-thumbnail","6":"entry"},"_links":{"self":[{"href":"https:\/\/www.lucnormandinillustration.com\/en\/wp-json\/wp\/v2\/pages\/7","targetHints":{"allow":["GET"]}}],"collection":[{"href":"https:\/\/www.lucnormandinillustration.com\/en\/wp-json\/wp\/v2\/pages"}],"about":[{"href":"https:\/\/www.lucnormandinillustration.com\/en\/wp-json\/wp\/v2\/types\/page"}],"author":[{"embeddable":true,"href":"https:\/\/www.lucnormandinillustration.com\/en\/wp-json\/wp\/v2\/users\/1"}],"replies":[{"embeddable":true,"href":"https:\/\/www.lucnormandinillustration.com\/en\/wp-json\/wp\/v2\/comments?post=7"}],"version-history":[{"count":15,"href":"https:\/\/www.lucnormandinillustration.com\/en\/wp-json\/wp\/v2\/pages\/7\/revisions"}],"predecessor-version":[{"id":1578,"href":"https:\/\/www.lucnormandinillustration.com\/en\/wp-json\/wp\/v2\/pages\/7\/revisions\/1578"}],"wp:featuredmedia":[{"embeddable":true,"href":"https:\/\/www.lucnormandinillustration.com\/en\/wp-json\/wp\/v2\/media\/1539"}],"wp:attachment":[{"href":"https:\/\/www.lucnormandinillustration.com\/en\/wp-json\/wp\/v2\/media?parent=7"}],"curies":[{"name":"wp","href":"https:\/\/api.w.org\/{rel}","templated":true}]}}