{"id":829,"date":"2015-10-13T17:30:49","date_gmt":"2015-10-13T17:30:49","guid":{"rendered":"http:\/\/www.lucnormandinillustration.com\/liens-2\/"},"modified":"2026-02-05T20:21:15","modified_gmt":"2026-02-05T20:21:15","slug":"liens","status":"publish","type":"page","link":"https:\/\/www.lucnormandinillustration.com\/en\/liens\/","title":{"rendered":"Liens"},"content":{"rendered":"<h3>Medias sociaux<\/h3>\n<p>&#8211; <span style=\"color: #008080;\"><a style=\"color: #008080;\" href=\"https:\/\/bsky.app\/profile\/luconormandin.bsky.social\">\u00a0Bluesky<\/a><\/span><br \/>\n&#8211; <span style=\"color: #008080;\"><a style=\"color: #008080;\" href=\"https:\/\/instagram.com\/maximeboldeau\/\">\u00a0Instagram<\/a><\/span><br \/>\n&#8211; <span style=\"color: #008080;\"><a style=\"color: #008080;\" href=\"https:\/\/ca.linkedin.com\/pub\/luc-normandin\/13\/630\/718\">\u00a0LinkedIn<\/a><\/span><br \/>\n&#8211; <span style=\"color: #008080;\"><a style=\"color: #008080;\" href=\"https:\/\/substack.com\/@luconormandin\">\u00a0Substack<\/a><\/span><\/p>\n<p>Blogue pr\u00e9c\u00e9dent: <span style=\"color: #008080;\"><a style=\"color: #008080;\" href=\"http:\/\/mboldeau.blogspot.ca\/\" target=\"_blank\" rel=\"noopener\">Blogaluc<\/a><\/span><\/p>\n<p>Blogue pr\u00e9c\u00e9dent en anglais: <span style=\"color: #008080;\"><a style=\"color: #008080;\" href=\"http:\/\/tuttifruttimiscetc.blogspot.ca\/\" target=\"_blank\" rel=\"noopener\">Tutti frutti, misc, etc<\/a><\/span><\/p>\n<p><a href=\"https:\/\/www.illustrationquebec.com\/fr\/portfolios\/auteurs\/lucnormandin\/\"><span style=\"color: #008080;\">Mon portfolio sur Illustration Qu\u00e9bec<\/span><\/a><\/p>\n<p><span style=\"color: #008080;\"><a style=\"color: #008080;\" href=\"http:\/\/joseemasse.tumblr.com\" target=\"_blank\" rel=\"noopener\">\u00a0Jos\u00e9e Masse, ma talentueuse illustratrice de blonde<\/a><\/span><\/p>\n<p>Des tonnes d&#8217;images anciennes de nature: <span style=\"color: #008080;\"><a style=\"color: #008080;\" href=\"http:\/\/www.biodiversitylibrary.org\/\" target=\"_blank\" rel=\"noopener\">Biodiversity Heritage Library<\/a><\/span><\/p>\n<p>Des tonnes d&#8217;images libres de droits: <span style=\"color: #008080;\"><a style=\"color: #008080;\" href=\"http:\/\/vintageprintable.com\/\" target=\"_blank\" rel=\"noopener\">Vintage Printable<\/a><\/span><\/p>\n<p>Vieux imprim\u00e9s papier: <span style=\"color: #008080;\"><a style=\"color: #008080;\" href=\"http:\/\/www.sheaff-ephemera.com\/\" target=\"_blank\" rel=\"noopener\">Sheaff-Ephemera<\/a><\/span><\/p>\n<p><span style=\"color: #008080;\"><a style=\"color: #008080;\" href=\"https:\/\/www.flickr.com\/photos\/library_of_congress\/sets\/72157603671370361\/\" target=\"_blank\" rel=\"noopener\">1930s-40s in color<\/a><\/span><\/p>\n<p><span style=\"color: #008080;\"><a style=\"color: #008080;\" href=\"http:\/\/citynoise.org\/article\/10598\" target=\"_blank\" rel=\"noopener\">Early 1900s in color<\/a><\/span><\/p>\n<p><span style=\"color: #008080;\"><a style=\"color: #008080;\" href=\"http:\/\/publicdomainreview.org\/\" target=\"_blank\" rel=\"noopener\">The public domain review<\/a><\/span><\/p>\n<p><span style=\"color: #008080;\"><a style=\"color: #008080;\" href=\"https:\/\/archive.org\/details\/prelinger\" target=\"_blank\" rel=\"noopener\">Archive de films libres de droits<\/a><\/span><\/p>\n<p><span style=\"color: #008080;\"><a style=\"color: #008080;\" href=\"http:\/\/www.morguefile.com\/\" target=\"_blank\" rel=\"noopener\">Public image archive for creatives by creatives (r\u00e9f\u00e9rences gratuites pour illustrateurs, cr\u00e9atifs, etc.)<\/a><\/span><\/p>\n<div id=\"title\"><\/div>\n","protected":false},"excerpt":{"rendered":"<p>Medias sociaux &#8211; \u00a0Bluesky &#8211; \u00a0Instagram &#8211; \u00a0LinkedIn &#8211; \u00a0Substack Blogue pr\u00e9c\u00e9dent: Blogaluc Blogue pr\u00e9c\u00e9dent en anglais: Tutti frutti, misc, etc Mon portfolio sur Illustration Qu\u00e9bec \u00a0Jos\u00e9e Masse, ma talentueuse illustratrice de blonde Des tonnes d&#8217;images anciennes de nature: Biodiversity Heritage Library Des tonnes d&#8217;images libres de droits: Vintage Printable Vieux imprim\u00e9s papier: Sheaff-Ephemera 1930s-40s [&hellip;]<\/p>\n","protected":false},"author":2,"featured_media":0,"parent":0,"menu_order":0,"comment_status":"open","ping_status":"open","template":"","meta":{"_genesis_hide_title":false,"_genesis_hide_breadcrumbs":false,"_genesis_hide_singular_image":false,"_genesis_hide_footer_widgets":false,"_genesis_custom_body_class":"","_genesis_custom_post_class":"","_genesis_layout":"","footnotes":""},"class_list":{"0":"post-829","1":"page","2":"type-page","3":"status-publish","5":"entry"},"_links":{"self":[{"href":"https:\/\/www.lucnormandinillustration.com\/en\/wp-json\/wp\/v2\/pages\/829","targetHints":{"allow":["GET"]}}],"collection":[{"href":"https:\/\/www.lucnormandinillustration.com\/en\/wp-json\/wp\/v2\/pages"}],"about":[{"href":"https:\/\/www.lucnormandinillustration.com\/en\/wp-json\/wp\/v2\/types\/page"}],"author":[{"embeddable":true,"href":"https:\/\/www.lucnormandinillustration.com\/en\/wp-json\/wp\/v2\/users\/2"}],"replies":[{"embeddable":true,"href":"https:\/\/www.lucnormandinillustration.com\/en\/wp-json\/wp\/v2\/comments?post=829"}],"version-history":[{"count":13,"href":"https:\/\/www.lucnormandinillustration.com\/en\/wp-json\/wp\/v2\/pages\/829\/revisions"}],"predecessor-version":[{"id":1825,"href":"https:\/\/www.lucnormandinillustration.com\/en\/wp-json\/wp\/v2\/pages\/829\/revisions\/1825"}],"wp:attachment":[{"href":"https:\/\/www.lucnormandinillustration.com\/en\/wp-json\/wp\/v2\/media?parent=829"}],"curies":[{"name":"wp","href":"https:\/\/api.w.org\/{rel}","templated":true}]}}